{"id":35,"date":"2012-03-07T23:24:23","date_gmt":"2012-03-07T23:24:23","guid":{"rendered":"http:\/\/tresorraum.org\/?page_id=35"},"modified":"2014-09-16T11:15:35","modified_gmt":"2014-09-16T10:15:35","slug":"japan-s%c2%a5ndrome","status":"publish","type":"page","link":"https:\/\/tresorraum.org\/?page_id=35","title":{"rendered":"Japan s\u00a5ndr&rsquo;om"},"content":{"rendered":"<p style=\"text-align: justify;\"><em>Japan s\u00a5ndr&rsquo;om sonde et confronte les rumeurs, propose un \u00e9tat des lieux sensible, symbolique et musical. Loin des signifi\u00e9s, \u00e0 l&rsquo;heure du drame d&rsquo;un peuple, au seuil de la\u00a0troisi\u00e8me\u00a0ann\u00e9e, Fukushima signe notre h\u00e9ritage commun, une pyramide du vingt et uni\u00e8me si\u00e8cle, avec ses sacrifices humains et ses ic\u00f4nes&#8230;.<\/em><br \/>\n<em> Mais qui osera souffler la paternit\u00e9 de notre grand \u0153uvre?<\/em><br \/>\n<em><del>1,2,<\/del>\u00a03 ans apr\u00e8s, pour le plus grand drame des Japonais, cette \u00e9nigme demeure.<\/em><\/p>\n<p>&nbsp;<\/p>\n<p style=\"text-align: justify;\">Japan s\u00a5ndr&rsquo;om #1 \u00a0 11\/03\/2012 Il est 9H22&#8230; \u00e0 Fukushima. L&rsquo;affection se porte bien, elle a investi mon laptop, une sorte de T&#8230; J&rsquo;ai accumul\u00e9 des patchs partout, des essais, des \u00e9garements auditifs, le temps du tissage final approche. Lundi un espace m&rsquo;attend, enfin je vais pouvoir tester toutes ces esquisses, mes brouillons num\u00e9riques, les bousculer avec la r\u00e9alit\u00e9 physique, les mettre en \u00e9nergie, sonder mon nouveau syst\u00e8me de diffusion aussi, grand lundi donc. Quant aux directions du projet, rien n&rsquo;est arr\u00eat\u00e9, trop de spectres tournent autour de moi, Camus, Arendt, je me dois de les chasser, d&rsquo;un souffle ! Surtout Camus, tant il s&rsquo;est tromp\u00e9. A propos d&rsquo;Hiroshima, il dit ceci: \u00ab\u00a0La civilisation m\u00e9canique vient de parvenir \u00e0 son dernier degr\u00e9 de sauvagerie. Il va falloir choisir, dans un avenir plus ou moins proche, entre le suicide collectif ou l&rsquo;utilisation intelligente des conqu\u00eates scientifiques\u00a0\u00bb. Mais si l&rsquo;utilisation intelligente des conqu\u00eates scientifiques comme le projette si na\u00efvement Camus ne rec\u00e9lait aujourd&rsquo;hui qu&rsquo;une seule fonction, notre d\u00e9sir d&rsquo;\u00e9ternit\u00e9, n&rsquo;est-ce pas Hannah? Un d\u00e9sir d&rsquo;\u00e9ternit\u00e9 si pressent, si absolu, globalis\u00e9, impossible \u00e0 atteindre autrement que par la radicalisation de son in\u00e9luctable et ultime application: le suicide collectif. D\u00e9mence mondialis\u00e9e ou retour de la dignit\u00e9 de l&rsquo;esp\u00e8ce humaine le temps d&rsquo;une expiration partag\u00e9e?<\/p>\n<p style=\"text-align: justify;\">Japan s\u00a5ndr&rsquo;om, <em>le souffle<br \/>\n<\/em><\/p>\n<p style=\"text-align: center;\">This work is licensed under a<br \/>\n<a href=\"http:\/\/creativecommons.org\/licenses\/by-nc-nd\/4.0\/\" rel=\"license\"><img decoding=\"async\" style=\"border-width: 0;\" src=\"https:\/\/i.creativecommons.org\/l\/by-nc-nd\/4.0\/88x31.png\" alt=\"Creative Commons License\" \/><\/a><a style=\"text-align: center;\"><br \/>\n<\/a><a href=\"http:\/\/creativecommons.org\/licenses\/by-nc-nd\/4.0\/\" rel=\"license\">Creative Commons Attribution-NonCommercial-NoDerivatives 4.0 International License<\/a><a style=\"text-align: center;\">.<\/a><\/p>\n<p style=\"text-align: right;\">Japan s\u00a5ndr&rsquo;om, coming soon&#8230;.<\/p>\n","protected":false},"excerpt":{"rendered":"<p>Japan s\u00a5ndr&rsquo;om sonde et confronte les rumeurs, propose un \u00e9tat des lieux sensible, symbolique et musical. Loin des signifi\u00e9s, \u00e0 l&rsquo;heure du drame d&rsquo;un peuple, au seuil de la\u00a0troisi\u00e8me\u00a0ann\u00e9e, Fukushima signe notre h\u00e9ritage commun, une pyramide du vingt et uni\u00e8me &hellip; <a href=\"https:\/\/tresorraum.org\/?page_id=35\">Continuer la lecture <span class=\"meta-nav\">&rarr;<\/span><\/a><\/p>\n","protected":false},"author":1,"featured_media":948,"parent":0,"menu_order":4,"comment_status":"closed","ping_status":"closed","template":"","meta":{"footnotes":""},"class_list":["post-35","page","type-page","status-publish","has-post-thumbnail","hentry"],"_links":{"self":[{"href":"https:\/\/tresorraum.org\/index.php?rest_route=\/wp\/v2\/pages\/35","targetHints":{"allow":["GET"]}}],"collection":[{"href":"https:\/\/tresorraum.org\/index.php?rest_route=\/wp\/v2\/pages"}],"about":[{"href":"https:\/\/tresorraum.org\/index.php?rest_route=\/wp\/v2\/types\/page"}],"author":[{"embeddable":true,"href":"https:\/\/tresorraum.org\/index.php?rest_route=\/wp\/v2\/users\/1"}],"replies":[{"embeddable":true,"href":"https:\/\/tresorraum.org\/index.php?rest_route=%2Fwp%2Fv2%2Fcomments&post=35"}],"version-history":[{"count":20,"href":"https:\/\/tresorraum.org\/index.php?rest_route=\/wp\/v2\/pages\/35\/revisions"}],"predecessor-version":[{"id":1073,"href":"https:\/\/tresorraum.org\/index.php?rest_route=\/wp\/v2\/pages\/35\/revisions\/1073"}],"wp:featuredmedia":[{"embeddable":true,"href":"https:\/\/tresorraum.org\/index.php?rest_route=\/wp\/v2\/media\/948"}],"wp:attachment":[{"href":"https:\/\/tresorraum.org\/index.php?rest_route=%2Fwp%2Fv2%2Fmedia&parent=35"}],"curies":[{"name":"wp","href":"https:\/\/api.w.org\/{rel}","templated":true}]}}