{"id":32,"date":"2012-03-07T23:23:35","date_gmt":"2012-03-07T22:23:35","guid":{"rendered":"http:\/\/tresorraum.org\/?page_id=32"},"modified":"2016-07-12T18:45:08","modified_gmt":"2016-07-12T17:45:08","slug":"rock-art2noise","status":"publish","type":"page","link":"https:\/\/tresorraum.org\/?page_id=32","title":{"rendered":"Rock-Art2noise"},"content":{"rendered":"<p style=\"text-align: center;\"><a href=\"http:\/\/vimeo.com\/25901233\">Rock-Art2noise \/ May 27 2011<\/a><br \/>\n<iframe loading=\"lazy\" src=\"http:\/\/player.vimeo.com\/video\/25901233?title=0&amp;byline=0&amp;portrait=0\" width=\"400\" height=\"225\" frameborder=\"0\"><\/iframe><\/p>\n<p style=\"text-align: center;\"><a href=\"http:\/\/vimeo.com\/25898818\">Rock-Art2noise\/ Extract May 19 2011<\/a><br \/>\n<iframe loading=\"lazy\" src=\"http:\/\/player.vimeo.com\/video\/25898818?title=0&amp;byline=0&amp;portrait=0\" width=\"400\" height=\"225\" frameborder=\"0\"><\/iframe><\/p>\n<h6 style=\"text-align: justify;\"><em>Aux fronti\u00e8res entre l&rsquo;installation sonore et visuelle, l&rsquo;action painting et la musique mixte, Rock-Art2noise convoque la transdisciplinarit\u00e9 en transposant le geste pictural en un flux sonore et musical. L&rsquo;artiste peint sur un pare-brise pos\u00e9 \u00e0 l\u2019horizontal (sa toile). Le verre couche les \u00ab\u00a0traces\u00a0\u00bb visuelles et transmet \u00e0 Pure Data leurs ph\u00e9nom\u00e8nes sonores (taches), vou\u00e9s \u00e0 toutes les d\u00e9clinaisons possibles du traitement du signal audio num\u00e9rique. Ce travail de composition \u00e9ph\u00e9m\u00e8re tend \u00e0 d\u00e9velopper une forme musicale \u00e0 partir d&rsquo;un geste non instrumental ex\u00e9cut\u00e9 et filtr\u00e9 en temps r\u00e9el avec Pure Data.<\/em><\/h6>\n<p>&nbsp;<\/p>\n<p style=\"text-align: justify;\"><span style=\"color: #808080;\">Enregistr\u00e9es en mai 2011, lors de s\u00e9quences de recherche, les vid\u00e9os ci-dessus illustrent la premi\u00e8re partie de Rock-art2noise. Ce temps d&rsquo;expression pictural et musical prend sa source sonore par captation des gestes articul\u00e9s de Sitan sur les surfaces peintes. Les dynamiques sont donc heurt\u00e9es, \u00e9voluant en une s\u00e9rie de fluctuations discontinues, incisives, frott\u00e9es, racl\u00e9es, r\u00e9p\u00e9titives combinant tour \u00e0 tour les chutes aux mouvements ascensionnels, les gestes affirm\u00e9s et ceux en retrait (liste non exhaustive). Dans ce temps, je traduis le signal source soliste en de multiples voix, en \u00e9largissant le plus possible l&rsquo;ambitus. Nous \u00e9voluons ainsi d&rsquo;une sorte de monodie vers un dialogue polyphonique se jouant des contrastes, des r\u00e9ponses, en contrepoint du soliste, un espace musical naissant du geste pictural.<\/span><\/p>\n<p>&nbsp;<\/p>\n<p style=\"text-align: justify;\">Ce diaporama fut r\u00e9alis\u00e9 \u00e0 partir des photographies de Sitan Ad\u00e8le K captur\u00e9es \u00e0 Weimar en ao\u00fbt 2011.\u00a0La partie audio de \u00ab\u00a0Monolithe\u00a0\u00bb signe le final de notre concert de Rock-Art2noise\u00a0au Nietzsche Ged\u00e4chnishalle dans le cadre de la Pure data Convention Weimar 2011.<\/p>\n<p style=\"text-align: center;\">\u00a0<iframe loading=\"lazy\" src=\"http:\/\/player.vimeo.com\/video\/40533297\" width=\"500\" height=\"375\" frameborder=\"0\"><\/iframe><\/p>\n<p style=\"text-align: justify;\">This slideshow\u00a0was\u00a0created from\u00a0photographs of Sitan Ad\u00e8le\u00a0K captured\u00a0in Weimar\u00a0in August 2011.\u00a0The audio portion presents the final of Rock-Art2noise in concert at the Ged\u00e4chnishalle Nietzsche as part of the Pure Data Convention 2011 in Weimar<\/p>\n<p style=\"text-align: justify;\">\n<div  id=\"3\" >\n    <p>Here is the Music Player. You need to installl flash player to show this cool thing!<\/p>\n<\/div>\n<script type=\"text\/javascript\">\n\nvar flashvars = {\n  config: \"https%3A%2F%2Ftresorraum.org%2Fwp-content%2Ffmp-jw-files%2Fconfigs%2Ffmp_jw_widget_config.xml?710716483\",\n  file  : \"https%3A%2F%2Ftresorraum.org%2Fwp-content%2Fuploads%2F2013%2F12%2FMONOLITH.mp3\"\n};\nvar params = {\n  wmode             : \"transparent\",\n  quality           : \"high\",\n  allowFullScreen   : \"true\",\n  allowScriptAccess : \"true\"\n};\nvar attributes = {};\n\nswfobject.embedSWF(\"https:\/\/tresorraum.org\/wp-content\/plugins\/flash-mp3-player\/player\/player.swf\", \"3\", \"600\", \"20\", \"9\", \"expressInstall.swf\", flashvars, params, attributes);\n\n<\/script>\n\n<\/p>\n<p style=\"text-align: justify;\">Monolith, l&rsquo;opus audio ci-dessus, signe le final de notre concert \u00e0 Weimar en aout 2011 <a href=\"http:\/\/www.uni-weimar.de\/medien\/wiki\/PDCON:Concerts\/Tad_Bisaha,_Sitan_Adele_K\">http:\/\/www.uni-weimar.de\/medien\/wiki\/PDCON:Concerts\/Tad_Bisaha,_Sitan_Adele_K<\/a> au <a href=\"http:\/\/www.uni-weimar.de\/medien\/wiki\/PDCON:Venues\/Nietzsche_Ged%C3%A4chnishalle\">Nietzsche Ged\u00e4chnishalle.<\/a> Cette s\u00e9quence illustre le second temps de Rock-Art2noise, j\u2019aime \u00e0 le sugg\u00e9rer : \u00ab Le temps du reflet \u00bb. Ce temps ne postule pas une synth\u00e8se de ce qui a pr\u00e9c\u00e9d\u00e9 ( <a href=\"..\/?page_id=32\">ici <\/a>), mais une sorte de r\u00e9manence. Dans mon syst\u00e8me de traitement num\u00e9rique, j\u2019ai ins\u00e9r\u00e9 la possibilit\u00e9 de r\u00e9aliser une boucle cumulative de 20 secondes depuis le d\u00e9but du concert. Lorsque Sitan n\u2019agit plus, j\u2019augmente l\u2019amplitude du syst\u00e8me de diffusion (en 5 points pour ce concert) et j\u2019utilise cette \u00ab\u00a0m\u00e9moire\u00a0\u00bb sonore du temps du peintre projet\u00e9e dans l\u2019espace. La vitre capture ce \u00ab\u00a0continuum\u00a0\u00bb que j\u2019alt\u00e8re et articule avec mes diff\u00e9rents traitements num\u00e9riques en temps r\u00e9el. <strong>Le public partage \u00e0 cet instant le silence d\u2019une \u00ab\u00a0toile\u00a0\u00bb peinte et se retrouve immerg\u00e9 dans la persistance sonore du geste pictural dont il fut t\u00e9moin.<\/strong> A cet endroit du concert, j\u2019ai tendance \u00e0 \u00e9tirer les mouvements, \u00e0 conforter une dynamique temporelle tendue, r\u00e9p\u00e9titive dans ses d\u00e9tails dans un flux sonore dense et intense en \u00e9nergie. Une sorte de monolithe, mais que pouvions nous r\u00e9aliser d\u2019autre dans le m\u00e9morial de Nietzsche \u00e0 Weimar, si ce n\u2019est relever le tragique du souvenir.<\/p>\n<address style=\"text-align: justify;\"><em>Post scriptum: il est souhaitable d&rsquo;\u00e9couter Monolith \u00e0 maxima avec un syst\u00e8me de diffusion g\u00e9n\u00e9reux en basse, exit le laptop.<\/em><\/address>\n<p>&nbsp;<\/p>\n<p style=\"text-align: right;\">\u00a0Visitez aussi notre page\u00a0<a title=\"Rock-Art2noise.eu\" href=\"http:\/\/www.rock-art2noise.eu\" target=\"_blank\"> rock-art2noise.eu<\/a>, coming soon&#8230;<\/p>\n<p style=\"text-align: center;\">This work is licensed under a<br \/>\n<a href=\"http:\/\/creativecommons.org\/licenses\/by-nc-nd\/4.0\/\" rel=\"license\"><img decoding=\"async\" style=\"border-width: 0;\" src=\"https:\/\/i.creativecommons.org\/l\/by-nc-nd\/4.0\/88x31.png\" alt=\"Creative Commons License\" \/><\/a><a style=\"text-align: center;\"><br \/>\n<\/a><a href=\"http:\/\/creativecommons.org\/licenses\/by-nc-nd\/4.0\/\" rel=\"license\">Creative Commons Attribution-NonCommercial-NoDerivatives 4.0 International License<\/a><a style=\"text-align: center;\">.<\/a><\/p>\n<p>&nbsp;<\/p>\n<p>&nbsp;<\/p>\n","protected":false},"excerpt":{"rendered":"<p>Rock-Art2noise \/ May 27 2011 Rock-Art2noise\/ Extract May 19 2011 Aux fronti\u00e8res entre l&rsquo;installation sonore et visuelle, l&rsquo;action painting et la musique mixte, Rock-Art2noise convoque la transdisciplinarit\u00e9 en transposant le geste pictural en un flux sonore et musical. L&rsquo;artiste peint &hellip; <a href=\"https:\/\/tresorraum.org\/?page_id=32\">Continuer la lecture <span class=\"meta-nav\">&rarr;<\/span><\/a><\/p>\n","protected":false},"author":1,"featured_media":927,"parent":0,"menu_order":3,"comment_status":"closed","ping_status":"closed","template":"","meta":{"footnotes":""},"class_list":["post-32","page","type-page","status-publish","has-post-thumbnail","hentry"],"_links":{"self":[{"href":"https:\/\/tresorraum.org\/index.php?rest_route=\/wp\/v2\/pages\/32","targetHints":{"allow":["GET"]}}],"collection":[{"href":"https:\/\/tresorraum.org\/index.php?rest_route=\/wp\/v2\/pages"}],"about":[{"href":"https:\/\/tresorraum.org\/index.php?rest_route=\/wp\/v2\/types\/page"}],"author":[{"embeddable":true,"href":"https:\/\/tresorraum.org\/index.php?rest_route=\/wp\/v2\/users\/1"}],"replies":[{"embeddable":true,"href":"https:\/\/tresorraum.org\/index.php?rest_route=%2Fwp%2Fv2%2Fcomments&post=32"}],"version-history":[{"count":45,"href":"https:\/\/tresorraum.org\/index.php?rest_route=\/wp\/v2\/pages\/32\/revisions"}],"predecessor-version":[{"id":1109,"href":"https:\/\/tresorraum.org\/index.php?rest_route=\/wp\/v2\/pages\/32\/revisions\/1109"}],"wp:featuredmedia":[{"embeddable":true,"href":"https:\/\/tresorraum.org\/index.php?rest_route=\/wp\/v2\/media\/927"}],"wp:attachment":[{"href":"https:\/\/tresorraum.org\/index.php?rest_route=%2Fwp%2Fv2%2Fmedia&parent=32"}],"curies":[{"name":"wp","href":"https:\/\/api.w.org\/{rel}","templated":true}]}}